{"id":5,"date":"2023-11-01T18:27:16","date_gmt":"2023-11-01T18:27:16","guid":{"rendered":"https:\/\/rotinamaster.com\/?page_id=5"},"modified":"2024-04-19T19:54:48","modified_gmt":"2024-04-19T19:54:48","slug":"home","status":"publish","type":"page","link":"https:\/\/rotinamaster.com\/en\/","title":{"rendered":"Home"},"content":{"rendered":"<div data-elementor-type=\"wp-page\" data-elementor-id=\"5\" class=\"elementor elementor-5\">\n\t\t\t\t\t\t\t<div class=\"elementor-element elementor-element-244ee65 e-flex e-con-boxed e-con e-parent\" data-id=\"244ee65\" data-element_type=\"container\" data-settings=\"{&quot;background_background&quot;:&quot;gradient&quot;,&quot;content_width&quot;:&quot;boxed&quot;}\" data-core-v316-plus=\"true\">\n\t\t\t\t\t<div class=\"e-con-inner\">\n\t\t<div class=\"elementor-element elementor-element-5c99b65 e-flex e-con-boxed e-con e-child\" data-id=\"5c99b65\" data-element_type=\"container\" data-settings=\"{&quot;content_width&quot;:&quot;boxed&quot;}\">\n\t\t\t\t\t<div class=\"e-con-inner\">\n\t\t<div class=\"elementor-element elementor-element-05f4771 e-flex e-con-boxed e-con e-child\" data-id=\"05f4771\" data-element_type=\"container\" data-settings=\"{&quot;content_width&quot;:&quot;boxed&quot;}\">\n\t\t\t\t\t<div class=\"e-con-inner\">\n\t\t\t\t<div class=\"elementor-element elementor-element-55a620c elementor-widget elementor-widget-image\" data-id=\"55a620c\" data-element_type=\"widget\" data-widget_type=\"image.default\">\n\t\t\t\t<div class=\"elementor-widget-container\">\n\t\t\t<style>\/*! elementor - v3.17.0 - 01-11-2023 *\/\n.elementor-widget-image{text-align:center}.elementor-widget-image a{display:inline-block}.elementor-widget-image a img[src$=\".svg\"]{width:48px}.elementor-widget-image img{vertical-align:middle;display:inline-block}<\/style>\t\t\t\t\t\t\t\t\t\t\t\t<img fetchpriority=\"high\" decoding=\"async\" width=\"800\" height=\"800\" src=\"https:\/\/rotinamaster.com\/wp-content\/uploads\/2024\/01\/book.png\" class=\"attachment-large size-large wp-image-36\" alt=\"\" srcset=\"https:\/\/rotinamaster.com\/wp-content\/uploads\/2024\/01\/book.png 1080w, https:\/\/rotinamaster.com\/wp-content\/uploads\/2024\/01\/book-300x300.png 300w, https:\/\/rotinamaster.com\/wp-content\/uploads\/2024\/01\/book-1024x1024.png 1024w, https:\/\/rotinamaster.com\/wp-content\/uploads\/2024\/01\/book-150x150.png 150w, https:\/\/rotinamaster.com\/wp-content\/uploads\/2024\/01\/book-768x768.png 768w, https:\/\/rotinamaster.com\/wp-content\/uploads\/2024\/01\/book-12x12.png 12w\" sizes=\"(max-width: 800px) 100vw, 800px\" \/>\t\t\t\t\t\t\t\t\t\t\t\t\t\t\t<\/div>\n\t\t\t\t<\/div>\n\t\t\t\t\t<\/div>\n\t\t\t\t<\/div>\n\t\t<div class=\"elementor-element elementor-element-3d80b17 e-flex e-con-boxed e-con e-child\" data-id=\"3d80b17\" data-element_type=\"container\" data-settings=\"{&quot;background_background&quot;:&quot;classic&quot;,&quot;content_width&quot;:&quot;boxed&quot;}\">\n\t\t\t\t\t<div class=\"e-con-inner\">\n\t\t\t\t<div class=\"elementor-element elementor-element-fae59e3 elementor-widget elementor-widget-heading\" data-id=\"fae59e3\" data-element_type=\"widget\" data-widget_type=\"heading.default\">\n\t\t\t\t<div class=\"elementor-widget-container\">\n\t\t\t<style>\/*! elementor - v3.17.0 - 01-11-2023 *\/\n.elementor-heading-title{padding:0;margin:0;line-height:1}.elementor-widget-heading .elementor-heading-title[class*=elementor-size-]>a{color:inherit;font-size:inherit;line-height:inherit}.elementor-widget-heading .elementor-heading-title.elementor-size-small{font-size:15px}.elementor-widget-heading .elementor-heading-title.elementor-size-medium{font-size:19px}.elementor-widget-heading .elementor-heading-title.elementor-size-large{font-size:29px}.elementor-widget-heading .elementor-heading-title.elementor-size-xl{font-size:39px}.elementor-widget-heading .elementor-heading-title.elementor-size-xxl{font-size:59px}<\/style><h2 class=\"elementor-heading-title elementor-size-default\">EBOOK<\/h2>\t\t<\/div>\n\t\t\t\t<\/div>\n\t\t\t\t<div class=\"elementor-element elementor-element-3e69a38 elementor-widget elementor-widget-heading\" data-id=\"3e69a38\" data-element_type=\"widget\" data-widget_type=\"heading.default\">\n\t\t\t\t<div class=\"elementor-widget-container\">\n\t\t\t<h2 class=\"elementor-heading-title elementor-size-default\">Routine and Pending Management<\/h2>\t\t<\/div>\n\t\t\t\t<\/div>\n\t\t\t\t<div class=\"elementor-element elementor-element-43d534e elementor-widget elementor-widget-text-editor\" data-id=\"43d534e\" data-element_type=\"widget\" data-widget_type=\"text-editor.default\">\n\t\t\t\t<div class=\"elementor-widget-container\">\n\t\t\t<style>\/*! elementor - v3.17.0 - 01-11-2023 *\/\n.elementor-widget-text-editor.elementor-drop-cap-view-stacked .elementor-drop-cap{background-color:#69727d;color:#fff}.elementor-widget-text-editor.elementor-drop-cap-view-framed .elementor-drop-cap{color:#69727d;border:3px solid;background-color:transparent}.elementor-widget-text-editor:not(.elementor-drop-cap-view-default) .elementor-drop-cap{margin-top:8px}.elementor-widget-text-editor:not(.elementor-drop-cap-view-default) .elementor-drop-cap-letter{width:1em;height:1em}.elementor-widget-text-editor .elementor-drop-cap{float:left;text-align:center;line-height:1;font-size:50px}.elementor-widget-text-editor .elementor-drop-cap-letter{display:inline-block}<\/style>\t\t\t\t<p>Overcome the endless cycle of pending tasks in an uncomplicated way and focus on what really matters.<\/p>\t\t\t\t\t\t<\/div>\n\t\t\t\t<\/div>\n\t\t\t\t\t<\/div>\n\t\t\t\t<\/div>\n\t\t\t\t\t<\/div>\n\t\t\t\t<\/div>\n\t\t\t\t\t<\/div>\n\t\t\t\t<\/div>\n\t\t<div class=\"elementor-element elementor-element-48d5775 e-flex e-con-boxed e-con e-parent\" data-id=\"48d5775\" data-element_type=\"container\" data-settings=\"{&quot;content_width&quot;:&quot;boxed&quot;}\" data-core-v316-plus=\"true\">\n\t\t\t\t\t<div class=\"e-con-inner\">\n\t\t<div class=\"elementor-element elementor-element-b68878a e-flex e-con-boxed e-con e-child\" data-id=\"b68878a\" data-element_type=\"container\" data-settings=\"{&quot;content_width&quot;:&quot;boxed&quot;}\">\n\t\t\t\t\t<div class=\"e-con-inner\">\n\t\t<div class=\"elementor-element elementor-element-de1de34 e-flex e-con-boxed e-con e-child\" data-id=\"de1de34\" data-element_type=\"container\" data-settings=\"{&quot;content_width&quot;:&quot;boxed&quot;}\">\n\t\t\t\t\t<div class=\"e-con-inner\">\n\t\t\t\t<div class=\"elementor-element elementor-element-f734118 elementor-widget elementor-widget-heading\" data-id=\"f734118\" data-element_type=\"widget\" data-widget_type=\"heading.default\">\n\t\t\t\t<div class=\"elementor-widget-container\">\n\t\t\t<h2 class=\"elementor-heading-title elementor-size-default\">DOWNLOAD THE APP NOW<\/h2>\t\t<\/div>\n\t\t\t\t<\/div>\n\t\t\t\t<div class=\"elementor-element elementor-element-37cbde4 elementor-widget elementor-widget-heading\" data-id=\"37cbde4\" data-element_type=\"widget\" data-widget_type=\"heading.default\">\n\t\t\t\t<div class=\"elementor-widget-container\">\n\t\t\t<h2 class=\"elementor-heading-title elementor-size-default\">Routine and Pending Management<\/h2>\t\t<\/div>\n\t\t\t\t<\/div>\n\t\t\t\t<div class=\"elementor-element elementor-element-dc2326c elementor-widget elementor-widget-text-editor\" data-id=\"dc2326c\" data-element_type=\"widget\" data-widget_type=\"text-editor.default\">\n\t\t\t\t<div class=\"elementor-widget-container\">\n\t\t\t\t\t\t\t<p>Overcome the endless cycle of pending tasks in an uncomplicated way and focus on what really matters.<\/p>\t\t\t\t\t\t<\/div>\n\t\t\t\t<\/div>\n\t\t<div class=\"elementor-element elementor-element-8c48bda e-flex e-con-boxed e-con e-child\" data-id=\"8c48bda\" data-element_type=\"container\" data-settings=\"{&quot;content_width&quot;:&quot;boxed&quot;}\">\n\t\t\t\t\t<div class=\"e-con-inner\">\n\t\t\t\t<div class=\"elementor-element elementor-element-7f350d3 elementor-widget elementor-widget-image\" data-id=\"7f350d3\" data-element_type=\"widget\" data-widget_type=\"image.default\">\n\t\t\t\t<div class=\"elementor-widget-container\">\n\t\t\t\t\t\t\t\t\t\t\t\t\t\t\t\t<a href=\"https:\/\/play.google.com\/store\/apps\/details?id=tech.coding4u.rm\" target=\"_blank\">\n\t\t\t\t\t\t\t<img decoding=\"async\" width=\"690\" height=\"205\" src=\"https:\/\/rotinamaster.com\/wp-content\/uploads\/2023\/11\/google-play.png\" class=\"elementor-animation-grow attachment-large size-large wp-image-47\" alt=\"\" srcset=\"https:\/\/rotinamaster.com\/wp-content\/uploads\/2023\/11\/google-play.png 690w, https:\/\/rotinamaster.com\/wp-content\/uploads\/2023\/11\/google-play-300x89.png 300w\" sizes=\"(max-width: 690px) 100vw, 690px\" \/>\t\t\t\t\t\t\t\t<\/a>\n\t\t\t\t\t\t\t\t\t\t\t\t\t\t\t<\/div>\n\t\t\t\t<\/div>\n\t\t\t\t<div class=\"elementor-element elementor-element-59f22c4 elementor-widget elementor-widget-image\" data-id=\"59f22c4\" data-element_type=\"widget\" data-widget_type=\"image.default\">\n\t\t\t\t<div class=\"elementor-widget-container\">\n\t\t\t\t\t\t\t\t\t\t\t\t\t\t\t<img decoding=\"async\" width=\"624\" height=\"204\" src=\"https:\/\/rotinamaster.com\/wp-content\/uploads\/2023\/11\/appstore.png\" class=\"attachment-large size-large wp-image-46\" alt=\"\" srcset=\"https:\/\/rotinamaster.com\/wp-content\/uploads\/2023\/11\/appstore.png 624w, https:\/\/rotinamaster.com\/wp-content\/uploads\/2023\/11\/appstore-300x98.png 300w\" sizes=\"(max-width: 624px) 100vw, 624px\" \/>\t\t\t\t\t\t\t\t\t\t\t\t\t\t\t<\/div>\n\t\t\t\t<\/div>\n\t\t\t\t\t<\/div>\n\t\t\t\t<\/div>\n\t\t\t\t\t<\/div>\n\t\t\t\t<\/div>\n\t\t<div class=\"elementor-element elementor-element-02cc3d2 e-flex e-con-boxed e-con e-child\" data-id=\"02cc3d2\" data-element_type=\"container\" data-settings=\"{&quot;content_width&quot;:&quot;boxed&quot;}\">\n\t\t\t\t\t<div class=\"e-con-inner\">\n\t\t\t\t<div class=\"elementor-element elementor-element-4f79c10 elementor-widget elementor-widget-image\" data-id=\"4f79c10\" data-element_type=\"widget\" data-widget_type=\"image.default\">\n\t\t\t\t<div class=\"elementor-widget-container\">\n\t\t\t\t\t\t\t\t\t\t\t\t\t\t\t<img loading=\"lazy\" decoding=\"async\" width=\"800\" height=\"509\" src=\"https:\/\/rotinamaster.com\/wp-content\/uploads\/2023\/11\/rotina-master-mockups-1024x651.png\" class=\"attachment-large size-large wp-image-49\" alt=\"\" srcset=\"https:\/\/rotinamaster.com\/wp-content\/uploads\/2023\/11\/rotina-master-mockups-1024x651.png 1024w, https:\/\/rotinamaster.com\/wp-content\/uploads\/2023\/11\/rotina-master-mockups-300x191.png 300w, https:\/\/rotinamaster.com\/wp-content\/uploads\/2023\/11\/rotina-master-mockups-768x488.png 768w, https:\/\/rotinamaster.com\/wp-content\/uploads\/2023\/11\/rotina-master-mockups.png 1268w\" sizes=\"(max-width: 800px) 100vw, 800px\" \/>\t\t\t\t\t\t\t\t\t\t\t\t\t\t\t<\/div>\n\t\t\t\t<\/div>\n\t\t\t\t\t<\/div>\n\t\t\t\t<\/div>\n\t\t\t\t\t<\/div>\n\t\t\t\t<\/div>\n\t\t\t\t\t<\/div>\n\t\t\t\t<\/div>\n\t\t<div class=\"elementor-element elementor-element-5e4bb43 e-flex e-con-boxed e-con e-parent\" data-id=\"5e4bb43\" data-element_type=\"container\" data-settings=\"{&quot;content_width&quot;:&quot;boxed&quot;}\" data-core-v316-plus=\"true\">\n\t\t\t\t\t<div class=\"e-con-inner\">\n\t\t<div class=\"elementor-element elementor-element-dc063fc e-flex e-con-boxed e-con e-child\" data-id=\"dc063fc\" data-element_type=\"container\" data-settings=\"{&quot;content_width&quot;:&quot;boxed&quot;}\">\n\t\t\t\t\t<div class=\"e-con-inner\">\n\t\t<div class=\"elementor-element elementor-element-ae625a1 e-flex e-con-boxed e-con e-child\" data-id=\"ae625a1\" data-element_type=\"container\" data-settings=\"{&quot;content_width&quot;:&quot;boxed&quot;}\">\n\t\t\t\t\t<div class=\"e-con-inner\">\n\t\t\t\t<div class=\"elementor-element elementor-element-c785e00 elementor-widget elementor-widget-image\" data-id=\"c785e00\" data-element_type=\"widget\" data-widget_type=\"image.default\">\n\t\t\t\t<div class=\"elementor-widget-container\">\n\t\t\t\t\t\t\t\t\t\t\t\t\t\t\t<img loading=\"lazy\" decoding=\"async\" width=\"800\" height=\"421\" src=\"https:\/\/rotinamaster.com\/wp-content\/uploads\/2023\/11\/logo-rotina-master-1024x539.png\" class=\"attachment-large size-large wp-image-17\" alt=\"\" srcset=\"https:\/\/rotinamaster.com\/wp-content\/uploads\/2023\/11\/logo-rotina-master-1024x539.png 1024w, https:\/\/rotinamaster.com\/wp-content\/uploads\/2023\/11\/logo-rotina-master-300x158.png 300w, https:\/\/rotinamaster.com\/wp-content\/uploads\/2023\/11\/logo-rotina-master-768x405.png 768w, https:\/\/rotinamaster.com\/wp-content\/uploads\/2023\/11\/logo-rotina-master.png 1192w\" sizes=\"(max-width: 800px) 100vw, 800px\" \/>\t\t\t\t\t\t\t\t\t\t\t\t\t\t\t<\/div>\n\t\t\t\t<\/div>\n\t\t\t\t<div class=\"elementor-element elementor-element-cfe94e0 elementor-icon-list--layout-traditional elementor-list-item-link-full_width elementor-widget elementor-widget-icon-list\" data-id=\"cfe94e0\" data-element_type=\"widget\" data-widget_type=\"icon-list.default\">\n\t\t\t\t<div class=\"elementor-widget-container\">\n\t\t\t<link rel=\"stylesheet\" href=\"https:\/\/rotinamaster.com\/wp-content\/plugins\/elementor\/assets\/css\/widget-icon-list.min.css\">\t\t<ul class=\"elementor-icon-list-items\">\n\t\t\t\t\t\t\t<li class=\"elementor-icon-list-item\">\n\t\t\t\t\t\t\t\t\t\t\t<span class=\"elementor-icon-list-icon\">\n\t\t\t\t\t\t\t<i aria-hidden=\"true\" class=\"far fa-envelope\"><\/i>\t\t\t\t\t\t<\/span>\n\t\t\t\t\t\t\t\t\t\t<span class=\"elementor-icon-list-text\">support@rotinamaster.com<\/span>\n\t\t\t\t\t\t\t\t\t<\/li>\n\t\t\t\t\t\t<\/ul>\n\t\t\t\t<\/div>\n\t\t\t\t<\/div>\n\t\t\t\t\t<\/div>\n\t\t\t\t<\/div>\n\t\t<div class=\"elementor-element elementor-element-e2da156 e-flex e-con-boxed e-con e-child\" data-id=\"e2da156\" data-element_type=\"container\" data-settings=\"{&quot;content_width&quot;:&quot;boxed&quot;}\">\n\t\t\t\t\t<div class=\"e-con-inner\">\n\t\t\t\t<div class=\"elementor-element elementor-element-740a23a elementor-align-left elementor-widget elementor-widget-button\" data-id=\"740a23a\" data-element_type=\"widget\" data-widget_type=\"button.default\">\n\t\t\t\t<div class=\"elementor-widget-container\">\n\t\t\t\t\t<div class=\"elementor-button-wrapper\">\n\t\t\t<a class=\"elementor-button elementor-button-link elementor-size-sm\" href=\"https:\/\/rotinamaster.com\/en\/termos-de-uso\/\" target=\"_blank\">\n\t\t\t\t\t\t<span class=\"elementor-button-content-wrapper\">\n\t\t\t\t\t\t<span class=\"elementor-button-text\">Terms and conditions<\/span>\n\t\t<\/span>\n\t\t\t\t\t<\/a>\n\t\t<\/div>\n\t\t\t\t<\/div>\n\t\t\t\t<\/div>\n\t\t\t\t<div class=\"elementor-element elementor-element-ad1e4e7 elementor-align-left elementor-widget elementor-widget-button\" data-id=\"ad1e4e7\" data-element_type=\"widget\" data-widget_type=\"button.default\">\n\t\t\t\t<div class=\"elementor-widget-container\">\n\t\t\t\t\t<div class=\"elementor-button-wrapper\">\n\t\t\t<a class=\"elementor-button elementor-button-link elementor-size-sm\" href=\"https:\/\/rotinamaster.com\/en\/politica-de-privacidade\/\" target=\"_blank\">\n\t\t\t\t\t\t<span class=\"elementor-button-content-wrapper\">\n\t\t\t\t\t\t<span class=\"elementor-button-text\">Privacy policies<\/span>\n\t\t<\/span>\n\t\t\t\t\t<\/a>\n\t\t<\/div>\n\t\t\t\t<\/div>\n\t\t\t\t<\/div>\n\t\t\t\t\t<\/div>\n\t\t\t\t<\/div>\n\t\t<div class=\"elementor-element elementor-element-160ced3 e-flex e-con-boxed e-con e-child\" data-id=\"160ced3\" data-element_type=\"container\" data-settings=\"{&quot;content_width&quot;:&quot;boxed&quot;}\">\n\t\t\t\t\t<div class=\"e-con-inner\">\n\t\t\t\t\t<\/div>\n\t\t\t\t<\/div>\n\t\t\t\t\t<\/div>\n\t\t\t\t<\/div>\n\t\t\t\t\t<\/div>\n\t\t\t\t<\/div>\n\t\t\t\t\t\t\t<\/div>","protected":false},"excerpt":{"rendered":"<p>EBOOK Gest\u00e3o da Rotina e Pend\u00eancias Supere o ciclo infinito de pend\u00eancias de forma descomplicada e concentre-se no que realmente importa. BAIXE AGORA O APP Gest\u00e3o da Rotina e Pend\u00eancias Supere o ciclo infinito de pend\u00eancias de forma descomplicada e concentre-se no que realmente importa. support@rotinamaster.com Termos e condi\u00e7\u00f5es Politicas de privacidades<\/p>","protected":false},"author":1,"featured_media":0,"parent":0,"menu_order":0,"comment_status":"closed","ping_status":"closed","template":"elementor_canvas","meta":{"footnotes":""},"_links":{"self":[{"href":"https:\/\/rotinamaster.com\/en\/wp-json\/wp\/v2\/pages\/5"}],"collection":[{"href":"https:\/\/rotinamaster.com\/en\/wp-json\/wp\/v2\/pages"}],"about":[{"href":"https:\/\/rotinamaster.com\/en\/wp-json\/wp\/v2\/types\/page"}],"author":[{"embeddable":true,"href":"https:\/\/rotinamaster.com\/en\/wp-json\/wp\/v2\/users\/1"}],"replies":[{"embeddable":true,"href":"https:\/\/rotinamaster.com\/en\/wp-json\/wp\/v2\/comments?post=5"}],"version-history":[{"count":58,"href":"https:\/\/rotinamaster.com\/en\/wp-json\/wp\/v2\/pages\/5\/revisions"}],"predecessor-version":[{"id":102,"href":"https:\/\/rotinamaster.com\/en\/wp-json\/wp\/v2\/pages\/5\/revisions\/102"}],"wp:attachment":[{"href":"https:\/\/rotinamaster.com\/en\/wp-json\/wp\/v2\/media?parent=5"}],"curies":[{"name":"wp","href":"https:\/\/api.w.org\/{rel}","templated":true}]}}